{"id":988562,"date":"2022-03-30T17:10:24","date_gmt":"2022-03-30T15:10:24","guid":{"rendered":"https:\/\/lorientcoiffure.com\/?page_id=988562"},"modified":"2022-03-30T17:51:22","modified_gmt":"2022-03-30T15:51:22","slug":"mentions-legales","status":"publish","type":"page","link":"https:\/\/lorientcoiffure.com\/index.php\/mentions-legales\/","title":{"rendered":"MENTIONS LEGALES"},"content":{"rendered":"<p>[et_pb_section fb_built=\u00a0\u00bb1&Prime; _builder_version=\u00a0\u00bb4.14.6&Prime; _module_preset=\u00a0\u00bbdefault\u00a0\u00bb global_colors_info=\u00a0\u00bb{}\u00a0\u00bb][et_pb_row _builder_version=\u00a0\u00bb4.14.6&Prime; _module_preset=\u00a0\u00bbdefault\u00a0\u00bb global_colors_info=\u00a0\u00bb{}\u00a0\u00bb][et_pb_column type=\u00a0\u00bb4_4&Prime; _builder_version=\u00a0\u00bb4.14.6&Prime; _module_preset=\u00a0\u00bbdefault\u00a0\u00bb global_colors_info=\u00a0\u00bb{}\u00a0\u00bb][dsm_perspective_image src=\u00a0\u00bbhttps:\/\/lorientcoiffure.com\/wp-content\/uploads\/2021\/02\/Logo-Lorient-coiffure-scaled.jpg\u00a0\u00bb title_text=\u00a0\u00bblogo final\u00a0\u00bb _builder_version=\u00a0\u00bb4.14.6&Prime; _module_preset=\u00a0\u00bbdefault\u00a0\u00bb global_colors_info=\u00a0\u00bb{}\u00a0\u00bb][\/dsm_perspective_image][\/et_pb_column][\/et_pb_row][\/et_pb_section][et_pb_section fb_built=\u00a0\u00bb1&Prime; _builder_version=\u00a0\u00bb4.14.6&Prime; _module_preset=\u00a0\u00bbdefault\u00a0\u00bb global_colors_info=\u00a0\u00bb{}\u00a0\u00bb][et_pb_row _builder_version=\u00a0\u00bb4.14.6&Prime; _module_preset=\u00a0\u00bbdefault\u00a0\u00bb global_colors_info=\u00a0\u00bb{}\u00a0\u00bb][et_pb_column type=\u00a0\u00bb4_4&Prime; _builder_version=\u00a0\u00bb4.14.6&Prime; _module_preset=\u00a0\u00bbdefault\u00a0\u00bb global_colors_info=\u00a0\u00bb{}\u00a0\u00bb][dipl_double_color_heading heading_main_part=\u00a0\u00bbMENTIONS LEGAES\u00a0\u00bb _builder_version=\u00a0\u00bb4.14.6&Prime; _module_preset=\u00a0\u00bbdefault\u00a0\u00bb main_header_font_size=\u00a0\u00bb30px\u00a0\u00bb main_header_letter_spacing=\u00a0\u00bb2px\u00a0\u00bb global_colors_info=\u00a0\u00bb{}\u00a0\u00bb][\/dipl_double_color_heading][et_pb_text _builder_version=\u00a0\u00bb4.14.6&Prime; _module_preset=\u00a0\u00bbdefault\u00a0\u00bb global_colors_info=\u00a0\u00bb{}\u00a0\u00bb]<\/p>\n<p>\u00a0H\u00e9bergement du site :<\/p>\n<p>Ce site est h\u00e9berg\u00e9 en France par <em>OVH, sise <\/em><em>2 Rue Kellermann \u2013 59100 Roubaix \u2013 France<\/em><em>, T\u00e9l\u00a0: <\/em><em>09.72.10.10.07<\/em><\/p>\n<p>\u00a0<em>Le pr\u00e9sent site Internet <\/em><a href=\"https:\/\/scan\"><em>https:\/\/www.lorientcoiffure.com<\/em><\/a>\u00a0 \u00a0<em>est <u>\u00e9dit\u00e9 et exploit\u00e9<\/u> par BAM ST BARTH, soci\u00e9t\u00e9 par actions simplifi\u00e9e au capital social de 1.000 euros, immatricul\u00e9e au Registre du Commerce et des Soci\u00e9t\u00e9s de Basse Terre sous le num\u00e9ro 830 191 730, sise Lieu-Dit Lorient \u2013 97133 Saint-Barth\u00e9lemy. <\/em><\/p>\n<p>\u00a0<em>Vous pouvez nous joindre par t\u00e9l\u00e9phone au+590 690 46 00 20 ou par courrier \u00e9lectronique \u00e0 l\u2019adresse <\/em><a href=\"mailto:scanmyvilla@gmail.com\"><em>scanmyvilla@gmail.com<\/em><\/a><em>. <\/em><\/p>\n<p><em><u>Conception du site\u00a0: <\/u><\/em><\/p>\n<p><em>SAS BAM ST BARTH<\/em><\/p>\n<p>APE: 5911B Siret: 830\u00a0191\u00a0730\u00a0000 19<\/p>\n<p>(+590) 06 90 46 00 20<\/p>\n<p><a href=\"mailto:Scanmyvilla@gmail.com\">Scanmyvilla@gmail.com<\/a><\/p>\n<p>Protection des donn\u00e9es personnelles<\/p>\n<p>Les informations recueillies font l\u2019objet d\u2019un traitement informatique destin\u00e9 \u00e0 la gestion des clients et des commandes.\u00a0Ces donn\u00e9es ne seront pas transmises \u00e0 des tiers.\u00a0Conform\u00e9ment \u00e0 la loi \u00ab informatique et libert\u00e9s \u00bb du 6 janvier 1978 modifi\u00e9e en 2004, vous b\u00e9n\u00e9ficiez d\u2019un droit d\u2019acc\u00e8s et de rectification aux informations qui vous concernent, que vous pouvez exercer en nous \u00e9crivant par la page Contact .\u00a0Vous pouvez \u00e9galement, pour des motifs l\u00e9gitimes, vous opposer au traitement des donn\u00e9es vous concernant.<\/p>\n<p>Droit de propri\u00e9t\u00e9 intellectuelle :<\/p>\n<p>Ce site est la propri\u00e9t\u00e9 exclusive de SAS BRYAN &#8211; LORIENT COIFFURE : SIRET 794 575 076 000 11 &#8211; TEL : 05.90.27.90.48 &#8211; R.C.S. BASSE TERRE \u00a0&#8211; N\u00b0 de gestion \u00a0794 575 076- TVA intra. : NC<br \/>Le\u00a0\u00a0Directeur de la publication est : Monsieur Spencer BRYAN.<\/p>\n<p>L&rsquo;ensemble de ce site rel\u00e8ve de la l\u00e9gislation internationale sur le droit d&rsquo;auteur, le droit des marques et, de fa\u00e7on g\u00e9n\u00e9rale, sur la propri\u00e9t\u00e9 intellectuelle, en ce qui concerne chacun des \u00e9l\u00e9ments de son contenu (textes, images, donn\u00e9es, dessins, graphiques, photos et bandes sonores,&#8230;) qu\u2019en ce qui concerne sa forme (choix, plan, disposition des mati\u00e8res, moyens d&rsquo;acc\u00e8s aux donn\u00e9es, organisation des donn\u00e9es&#8230;). Ces contenus, figurant sur les pages de ce site, sont la propri\u00e9t\u00e9 exclusive de LORIENT COIFFURE.<\/p>\n<p>La reproduction ou repr\u00e9sentation, int\u00e9grale ou partielle, des pages, des donn\u00e9es et de toute autre \u00e9l\u00e9ment constitutif au site, par quelque proc\u00e9d\u00e9 ou support que ce soit, est interdite et constitue sans autorisation expresse et pr\u00e9alable de l&rsquo;\u00e9diteur une contrefa\u00e7on sanctionn\u00e9e par les articles L335-2 et suivants du Code de Propri\u00e9t\u00e9 Intellectuelle.<\/p>\n<p>Loi applicable:<\/p>\n<p>Le contenu du site est assujetti au droit applicable en France. Tout utilisateur reconna\u00eet la comp\u00e9tence du tribunal de Commerce de Pointe \u00e0 Pitre pour tout ce qui concerne le contenu et l\u2019utilisation du site ou les recours en d\u00e9coulant.<\/p>\n<p>&nbsp;<\/p>\n<p>[\/et_pb_text][\/et_pb_column][\/et_pb_row][\/et_pb_section]<\/p>\n","protected":false},"excerpt":{"rendered":"<p><div class=\"et_pb_module dsm_perspective_image dsm_perspective_image_0\">\n\t\t\t\t\n\t\t\t\t\n\t\t\t\t\n\t\t\t\t\n\t\t\t\t\n\t\t\t\t\n\t\t\t\t<div class=\"et_pb_module_inner\">\n\t\t\t\t\t<div class=\"dsm-perspective-image-wrapper et_always_center_on_mobile\">\n\t\t\t\t\n\t\t\t\t\n\t\t\t\t<span class=\"et_pb_image_wrap \"><img decoding=\"async\" src=\"https:\/\/lorientcoiffure.com\/wp-content\/uploads\/2021\/02\/Logo-Lorient-coiffure-scaled.jpg\" alt=\"\" title=\"logo final\" \/><\/span>\n\t\t\t<\/div>\n\t\t\t\t<\/div>\n\t\t\t<\/div><div class=\"et_pb_module dipl_double_color_heading dipl_double_color_heading_0 \">\n\t\t\t\t\n\t\t\t\t\n\t\t\t\t\n\t\t\t\t\n\t\t\t\t\n\t\t\t\t\n\t\t\t\t<div class=\"et_pb_module_inner\">\n\t\t\t\t\t<div class=\"dipl_text_wrapper\"><h2><span class=\"dipl_main_text\">MENTIONS LEGAES<\/span><\/h2><\/div>\n\t\t\t\t<\/div>\n\t\t\t<\/div>\u00a0H\u00e9bergement du site : Ce site est h\u00e9berg\u00e9 en France par OVH, sise 2 Rue Kellermann \u2013 59100 Roubaix \u2013 France, T\u00e9l\u00a0: 09.72.10.10.07 \u00a0Le pr\u00e9sent site Internet https:\/\/www.lorientcoiffure.com\u00a0 \u00a0est \u00e9dit\u00e9 et exploit\u00e9 par BAM ST BARTH, soci\u00e9t\u00e9 par actions simplifi\u00e9e au capital social de 1.000 euros, immatricul\u00e9e au Registre du Commerce et des Soci\u00e9t\u00e9s de Basse Terre sous le num\u00e9ro 830 191 730, sise Lieu-Dit Lorient \u2013 97133 Saint-Barth\u00e9lemy. \u00a0Vous pouvez nous joindre par t\u00e9l\u00e9phone au+590 690 46 00 20 ou par courrier \u00e9lectronique \u00e0 l\u2019adresse scanmyvilla@gmail.com. Conception du site\u00a0: SAS BAM ST BARTH APE: 5911B Siret: 830\u00a0191\u00a0730\u00a0000 19 (+590) 06 90 46 00 20 Scanmyvilla@gmail.com Protection des donn\u00e9es personnelles Les informations recueillies font l\u2019objet d\u2019un traitement informatique destin\u00e9 \u00e0 la gestion des clients et des commandes.\u00a0Ces donn\u00e9es ne seront pas transmises \u00e0 des tiers.\u00a0Conform\u00e9ment \u00e0 la loi \u00ab informatique et libert\u00e9s \u00bb du 6 janvier 1978 modifi\u00e9e en 2004, vous b\u00e9n\u00e9ficiez d\u2019un droit d\u2019acc\u00e8s et de rectification aux informations qui vous concernent, que vous pouvez exercer en nous \u00e9crivant par la page Contact .\u00a0Vous pouvez \u00e9galement, pour des motifs l\u00e9gitimes, vous opposer au traitement des donn\u00e9es [&hellip;]<\/p>\n","protected":false},"author":1,"featured_media":0,"parent":0,"menu_order":0,"comment_status":"closed","ping_status":"closed","template":"","meta":{"_seopress_robots_primary_cat":"","_seopress_titles_title":"","_seopress_titles_desc":"","_seopress_robots_index":"","_et_pb_use_builder":"on","_et_pb_old_content":"","_et_gb_content_width":"","om_disable_all_campaigns":false,"footnotes":""},"class_list":["post-988562","page","type-page","status-publish","hentry"],"_links":{"self":[{"href":"https:\/\/lorientcoiffure.com\/index.php\/wp-json\/wp\/v2\/pages\/988562","targetHints":{"allow":["GET"]}}],"collection":[{"href":"https:\/\/lorientcoiffure.com\/index.php\/wp-json\/wp\/v2\/pages"}],"about":[{"href":"https:\/\/lorientcoiffure.com\/index.php\/wp-json\/wp\/v2\/types\/page"}],"author":[{"embeddable":true,"href":"https:\/\/lorientcoiffure.com\/index.php\/wp-json\/wp\/v2\/users\/1"}],"replies":[{"embeddable":true,"href":"https:\/\/lorientcoiffure.com\/index.php\/wp-json\/wp\/v2\/comments?post=988562"}],"version-history":[{"count":4,"href":"https:\/\/lorientcoiffure.com\/index.php\/wp-json\/wp\/v2\/pages\/988562\/revisions"}],"predecessor-version":[{"id":988571,"href":"https:\/\/lorientcoiffure.com\/index.php\/wp-json\/wp\/v2\/pages\/988562\/revisions\/988571"}],"wp:attachment":[{"href":"https:\/\/lorientcoiffure.com\/index.php\/wp-json\/wp\/v2\/media?parent=988562"}],"curies":[{"name":"wp","href":"https:\/\/api.w.org\/{rel}","templated":true}]}}